{"id":32,"date":"2026-05-11T20:48:45","date_gmt":"2026-05-11T18:48:45","guid":{"rendered":"https:\/\/institutnstress5924.live-website.com\/?page_id=32"},"modified":"2026-05-14T18:34:39","modified_gmt":"2026-05-14T16:34:39","slug":"epilation-electrique","status":"publish","type":"page","link":"https:\/\/institut-nostress.com\/en\/epilation-electrique\/","title":{"rendered":"Electrolysis"},"content":{"rendered":"\t\t<div data-elementor-type=\"wp-page\" data-elementor-id=\"32\" class=\"elementor elementor-32\">\n\t\t\t\t<div class=\"elementor-element elementor-element-185bcab e-flex e-con-boxed e-con e-parent\" data-id=\"185bcab\" data-element_type=\"container\" data-e-type=\"container\">\n\t\t\t\t\t<div class=\"e-con-inner\">\n\t\t\t\t\t\t\t<h2 \n\t\tdata-interaction-id=\"a93fdf3\" \n\t\tclass=\"e-a93fdf3-43927cf e-heading-base\" \n\t\t \n\t\t\n\t>\n\t\n\t\t\t\u00c9pilation \u00e9lectrique d\u00e9finitive: \u00e9lectrolyse - thermolyse -blend \u00e0 Strassen\n\t\t<\/h2>\n\t\t\t\t\t<\/div>\n\t\t\t\t<\/div>\n\t\t<div class=\"elementor-element elementor-element-2392036 e-flex e-con-boxed e-con e-parent\" data-id=\"2392036\" data-element_type=\"container\" data-e-type=\"container\" data-settings=\"{&quot;background_background&quot;:&quot;slideshow&quot;,&quot;background_slideshow_gallery&quot;:[{&quot;id&quot;:394,&quot;url&quot;:&quot;https:\\\/\\\/institutnstress5924.live-website.com\\\/wp-content\\\/uploads\\\/2026\\\/05\\\/IMG_8002-scaled.jpeg&quot;}],&quot;background_slideshow_loop&quot;:&quot;yes&quot;,&quot;background_slideshow_slide_duration&quot;:5000,&quot;background_slideshow_slide_transition&quot;:&quot;fade&quot;,&quot;background_slideshow_transition_duration&quot;:500}\">\n\t\t\t\t\t<div class=\"e-con-inner\">\n\t\t\t\t\t<\/div>\n\t\t\t\t<\/div>\n\t\t<div class=\"elementor-element elementor-element-b1696ee e-flex e-con-boxed e-con e-parent\" data-id=\"b1696ee\" data-element_type=\"container\" data-e-type=\"container\">\n\t\t\t\t\t<div class=\"e-con-inner\">\n\t\t\t\t\t\t\t<h2 \n\t\tdata-interaction-id=\"fd552b4\" \n\t\tclass=\"e-fd552b4-5cf6cb4 e-heading-base\" \n\t\t \n\t\t\n\t>\n\t\n\t\t\t\u00c9pilation \u00e9lectrique : la solution d\u00e9finitive\n\t\t<\/h2>\n\t\t\t\t\t<\/div>\n\t\t\t\t<\/div>\n\t\t<div class=\"elementor-element elementor-element-2c7f009 e-flex e-con-boxed e-con e-parent\" data-id=\"2c7f009\" data-element_type=\"container\" data-e-type=\"container\">\n\t\t\t\t\t<div class=\"e-con-inner\">\n\t\t\t\t\t\t\t\t<p class=\"e-607f874-776d346 e-paragraph-base\" data-interaction-id=\"607f874\"  >\n\t\t\t\t\t\t\t\tL'\u00e9pilation \u00e9lectrique \u2014 \u00e9galement appel\u00e9e \u00e9lectrolyse \u2014 est la seule m\u00e9thode d'\u00e9pilation reconnue comme d\u00e9finitive par les autorit\u00e9s m\u00e9dicales. <br>\u00c0 l'Institut N\u00f4 Stress, nous pratiquons la thermolyse et le blend gr\u00e2ce \u00e0 l'appareil EVOLUTION7 HD, le meilleur appareil au monde \u00e0 6,78 MHz.<br>Contrairement au laser et \u00e0 la lumi\u00e8re puls\u00e9e, l'\u00e9lectrolyse traite tous les types de poils \u2014 fins, \u00e9pais, blonds, blancs, gris, roux \u2014 sur toutes les carnations. Pour femmes &amp; hommes. Toute l'ann\u00e9e.\n\t\t\t\t\t<\/p>\n\t\t\t\t\t<\/div>\n\t\t\t\t<\/div>\n\t\t<div class=\"elementor-element elementor-element-5dcd208 e-flex e-con-boxed e-con e-parent\" data-id=\"5dcd208\" data-element_type=\"container\" data-e-type=\"container\">\n\t\t\t\t\t<div class=\"e-con-inner\">\n\t\t\t\t\t\t\t\t<p class=\"e-paragraph-base\" data-interaction-id=\"fa4d59d\"  >\n\t\t\t\t\t\t\t\tPour en savoir plus sur la thermolyse et le blend, consultez notre site d\u00e9di\u00e9 :\n\t\t\t\t\t<\/p>\n\t\t\t\t\t<\/div>\n\t\t\t\t<\/div>\n\t\t<div class=\"elementor-element elementor-element-072aa84 e-flex e-con-boxed e-con e-parent\" data-id=\"072aa84\" data-element_type=\"container\" data-e-type=\"container\">\n\t\t\t\t\t<div class=\"e-con-inner\">\n\t\t\t\t\t    \t            <a href=\"https:\/\/www.thermolyse-blend.com\" target=\"_self\" class=\"e-d46c855-e7df18f e-button-base\" data-interaction-id=\"d46c855\" rel=\"noopener\">\n            \ud83d\udd17 En savoir plus sur thermolyse-blend.com cliquer ici\n        <\/a>\n    \t\t\t\t\t<\/div>\n\t\t\t\t<\/div>\n\t\t<div class=\"elementor-element elementor-element-9df535e e-flex e-con-boxed e-con e-parent\" data-id=\"9df535e\" data-element_type=\"container\" data-e-type=\"container\">\n\t\t\t\t\t<div class=\"e-con-inner\">\n\t\t\t\t\t\t\t<h2 \n\t\tdata-interaction-id=\"2df950e\" \n\t\tclass=\"e-2df950e-c689283 e-heading-base\" \n\t\t \n\t\t\n\t>\n\t\n\t\t\tPourquoi choisir l'\u00e9pilation \u00e9lectrique ?\n\t\t<\/h2>\n\t\t\t\t\t<\/div>\n\t\t\t\t<\/div>\n\t\t<div class=\"elementor-element elementor-element-4f4ecbb e-flex e-con-boxed e-con e-parent\" data-id=\"4f4ecbb\" data-element_type=\"container\" data-e-type=\"container\">\n\t\t\t\t\t<div class=\"e-con-inner\">\n\t\t\t\t\t\t\t\t<p class=\"e-ecfe5a4-4f220de e-paragraph-base\" data-interaction-id=\"ecfe5a4\"  >\n\t\t\t\t\t\t\t\tR\u00e9sultat d\u00e9finitif et permanent<br>Tous types de poils \u2014 fins, \u00e9pais, blonds, blancs, gris, roux<br>Toutes les zones du visage et du corps<br>Tous les phototypes \u2014 toutes les carnations<br>Toute l'ann\u00e9e \u2014 pas de restriction saisonni\u00e8re<br>Sans douleur \u2014 technique douce et pr\u00e9cise, adapt\u00e9e \u00e0 chaque cas<br>Pour femmes &amp; hommes<br>Les poils que le laser et l'IPL ne peuvent plus traiter<br>Depuis 2023, les m\u00e9decins m'adressent leurs patients\n\t\t\t\t\t<\/p>\n\t\t\t\t\t<\/div>\n\t\t\t\t<\/div>\n\t\t<div class=\"elementor-element elementor-element-b9062dd e-flex e-con-boxed e-con e-parent\" data-id=\"b9062dd\" data-element_type=\"container\" data-e-type=\"container\">\n\t\t\t\t\t<div class=\"e-con-inner\">\n\t\t\t\t\t\t\t<h2 \n\t\tdata-interaction-id=\"ab35803\" \n\t\tclass=\"e-ab35803-d317404 e-heading-base\" \n\t\t \n\t\t\n\t>\n\t\n\t\t\tTarifs\n\t\t<\/h2>\n\t\t\t\t\t<\/div>\n\t\t\t\t<\/div>\n\t\t<div class=\"elementor-element elementor-element-1630778 e-flex e-con-boxed e-con e-parent\" data-id=\"1630778\" data-element_type=\"container\" data-e-type=\"container\">\n\t\t\t\t\t<div class=\"e-con-inner\">\n\t\t\t\t\t\t\t\t<p class=\"e-5e330da-b51934d e-paragraph-base\" data-interaction-id=\"5e330da\"  >\n\t\t\t\t\t\t\t\tS\u00e9ance 5 min \u2014 15,00 \u20ac<br>S\u00e9ance 10 min \u2014 30,00 \u20ac<br>S\u00e9ance 15 min \u2014 50,00 \u20ac<br>S\u00e9ance 20 min \u2014 60,00 \u20ac<br>S\u00e9ance 30 min \u2014 70,00 \u20ac<br>S\u00e9ance 45 min \u2014 110,00 \u20ac<br>S\u00e9ance 60 min \u2014 135,00 \u20ac<br>RDV d'information \u2014 Gratuit\n\t\t\t\t\t<\/p>\n\t\t\t\t\t<\/div>\n\t\t\t\t<\/div>\n\t\t<div class=\"elementor-element elementor-element-67648f0 e-flex e-con-boxed e-con e-parent\" data-id=\"67648f0\" data-element_type=\"container\" data-e-type=\"container\">\n\t\t\t\t\t<div class=\"e-con-inner\">\n\t\t\t\t<div class=\"elementor-element elementor-element-949437d elementor-align-center elementor-widget elementor-widget-button\" data-id=\"949437d\" data-element_type=\"widget\" data-e-type=\"widget\" data-widget_type=\"button.default\">\n\t\t\t\t\t\t\t\t\t\t<a class=\"elementor-button elementor-button-link elementor-size-sm\" href=\"tel:+352621179565\">\n\t\t\t\t\t\t<span class=\"elementor-button-content-wrapper\">\n\t\t\t\t\t\t\t\t\t<span class=\"elementor-button-text\"> \ud83d\udcde R\u00e9server son RDV \u2014 621 17 95 65<\/span>\n\t\t\t\t\t<\/span>\n\t\t\t\t\t<\/a>\n\t\t\t\t\t\t\t\t<\/div>\n\t\t\t\t\t<\/div>\n\t\t\t\t<\/div>\n\t\t<div class=\"elementor-element elementor-element-fa836db e-flex e-con-boxed e-con e-parent\" data-id=\"fa836db\" data-element_type=\"container\" data-e-type=\"container\">\n\t\t\t\t\t<div class=\"e-con-inner\">\n\t\t\t\t\t\t\t\t<p class=\"e-b9312b9-69269db e-paragraph-base\" data-interaction-id=\"b9312b9\"  >\n\t\t\t\t\t\t\t\tPremier rendez-vous d'information gratuit \u2014 Sans engagement\n\t\t\t\t\t<\/p>\n\t\t\t\t\t<\/div>\n\t\t\t\t<\/div>\n\t\t\t\t<\/div>\n\t\t","protected":false},"excerpt":{"rendered":"<p>\u00c9pilation \u00e9lectrique d\u00e9finitive: \u00e9lectrolyse &#8211; thermolyse -blend \u00e0 Strassen \u00c9pilation \u00e9lectrique : la solution d\u00e9finitive L&rsquo;\u00e9pilation \u00e9lectrique \u2014 \u00e9galement appel\u00e9e [&hellip;]<\/p>\n","protected":false},"author":1,"featured_media":0,"parent":0,"menu_order":0,"comment_status":"closed","ping_status":"closed","template":"","meta":{"site-sidebar-layout":"no-sidebar","site-content-layout":"","ast-site-content-layout":"full-width-container","site-content-style":"default","site-sidebar-style":"default","ast-global-header-display":"","ast-banner-title-visibility":"","ast-main-header-display":"","ast-hfb-above-header-display":"","ast-hfb-below-header-display":"","ast-hfb-mobile-header-display":"","site-post-title":"","ast-breadcrumbs-content":"","ast-featured-img":"disabled","footer-sml-layout":"","ast-disable-related-posts":"","theme-transparent-header-meta":"","adv-header-id-meta":"","stick-header-meta":"","header-above-stick-meta":"","header-main-stick-meta":"","header-below-stick-meta":"","astra-migrate-meta-layouts":"default","ast-page-background-enabled":"default","ast-page-background-meta":{"desktop":{"background-color":"var(--ast-global-color-5)","background-image":"","background-repeat":"repeat","background-position":"center center","background-size":"auto","background-attachment":"scroll","background-type":"","background-media":"","overlay-type":"","overlay-color":"","overlay-opacity":"","overlay-gradient":""},"tablet":{"background-color":"","background-image":"","background-repeat":"repeat","background-position":"center center","background-size":"auto","background-attachment":"scroll","background-type":"","background-media":"","overlay-type":"","overlay-color":"","overlay-opacity":"","overlay-gradient":""},"mobile":{"background-color":"","background-image":"","background-repeat":"repeat","background-position":"center center","background-size":"auto","background-attachment":"scroll","background-type":"","background-media":"","overlay-type":"","overlay-color":"","overlay-opacity":"","overlay-gradient":""}},"ast-content-background-meta":{"desktop":{"background-color":"var(--ast-global-color-4)","background-image":"","background-repeat":"repeat","background-position":"center center","background-size":"auto","background-attachment":"scroll","background-type":"","background-media":"","overlay-type":"","overlay-color":"","overlay-opacity":"","overlay-gradient":""},"tablet":{"background-color":"var(--ast-global-color-4)","background-image":"","background-repeat":"repeat","background-position":"center center","background-size":"auto","background-attachment":"scroll","background-type":"","background-media":"","overlay-type":"","overlay-color":"","overlay-opacity":"","overlay-gradient":""},"mobile":{"background-color":"var(--ast-global-color-4)","background-image":"","background-repeat":"repeat","background-position":"center center","background-size":"auto","background-attachment":"scroll","background-type":"","background-media":"","overlay-type":"","overlay-color":"","overlay-opacity":"","overlay-gradient":""}},"footnotes":""},"class_list":["post-32","page","type-page","status-publish","hentry"],"_links":{"self":[{"href":"https:\/\/institut-nostress.com\/en\/wp-json\/wp\/v2\/pages\/32","targetHints":{"allow":["GET"]}}],"collection":[{"href":"https:\/\/institut-nostress.com\/en\/wp-json\/wp\/v2\/pages"}],"about":[{"href":"https:\/\/institut-nostress.com\/en\/wp-json\/wp\/v2\/types\/page"}],"author":[{"embeddable":true,"href":"https:\/\/institut-nostress.com\/en\/wp-json\/wp\/v2\/users\/1"}],"replies":[{"embeddable":true,"href":"https:\/\/institut-nostress.com\/en\/wp-json\/wp\/v2\/comments?post=32"}],"version-history":[{"count":52,"href":"https:\/\/institut-nostress.com\/en\/wp-json\/wp\/v2\/pages\/32\/revisions"}],"predecessor-version":[{"id":490,"href":"https:\/\/institut-nostress.com\/en\/wp-json\/wp\/v2\/pages\/32\/revisions\/490"}],"wp:attachment":[{"href":"https:\/\/institut-nostress.com\/en\/wp-json\/wp\/v2\/media?parent=32"}],"curies":[{"name":"wp","href":"https:\/\/api.w.org\/{rel}","templated":true}]}}