{"id":35,"date":"2026-05-11T20:49:08","date_gmt":"2026-05-11T18:49:08","guid":{"rendered":"https:\/\/institutnstress5924.live-website.com\/?page_id=35"},"modified":"2026-05-14T18:40:57","modified_gmt":"2026-05-14T16:40:57","slug":"epilation-ipl-lumiere-pulsee","status":"publish","type":"page","link":"https:\/\/institut-nostress.com\/en\/epilation-ipl-lumiere-pulsee\/","title":{"rendered":"IPL\/Pulsed Light Hair Removal"},"content":{"rendered":"\t\t<div data-elementor-type=\"wp-page\" data-elementor-id=\"35\" class=\"elementor elementor-35\">\n\t\t\t\t<div class=\"elementor-element elementor-element-9ce00c8 e-flex e-con-boxed e-con e-parent\" data-id=\"9ce00c8\" data-element_type=\"container\" data-e-type=\"container\">\n\t\t\t\t\t<div class=\"e-con-inner\">\n\t\t\t\t\t\t\t<h2 \n\t\tdata-interaction-id=\"95a4659\" \n\t\tclass=\"e-95a4659-5e4fb0f e-heading-base\" \n\t\t \n\t\t\n\t>\n\t\n\t\t\t\u00c9pilation d\u00e9finitive \u00e0 la lumi\u00e8re puls\u00e9e \u2014 IPL \u00e0 Strassen\n\t\t<\/h2>\n\t\t\t\t\t<\/div>\n\t\t\t\t<\/div>\n\t\t<div class=\"elementor-element elementor-element-427bc7b e-flex e-con-boxed e-con e-parent\" data-id=\"427bc7b\" data-element_type=\"container\" data-e-type=\"container\" data-settings=\"{&quot;background_background&quot;:&quot;slideshow&quot;,&quot;background_slideshow_gallery&quot;:[{&quot;id&quot;:453,&quot;url&quot;:&quot;https:\\\/\\\/institutnstress5924.live-website.com\\\/wp-content\\\/uploads\\\/2026\\\/05\\\/Epilation-definitive-lumiere-pulsee-IPL-Strassen-Luxembourg--scaled.jpg&quot;}],&quot;background_slideshow_loop&quot;:&quot;yes&quot;,&quot;background_slideshow_slide_duration&quot;:5000,&quot;background_slideshow_slide_transition&quot;:&quot;fade&quot;,&quot;background_slideshow_transition_duration&quot;:500}\">\n\t\t\t\t\t<div class=\"e-con-inner\">\n\t\t\t\t\t<\/div>\n\t\t\t\t<\/div>\n\t\t<div class=\"elementor-element elementor-element-9c22499 e-flex e-con-boxed e-con e-parent\" data-id=\"9c22499\" data-element_type=\"container\" data-e-type=\"container\">\n\t\t\t\t\t<div class=\"e-con-inner\">\n\t\t\t\t\t\t\t\t<p class=\"e-paragraph-base\" data-interaction-id=\"353747b\"  >\n\t\t\t\t\t\t\t\tLa lumi\u00e8re puls\u00e9e intense (IPL) est une m\u00e9thode d'\u00e9pilation d\u00e9finitive qui utilise des flashs de lumi\u00e8re pour d\u00e9truire les poils \u00e0 la racine. <br>\u00c0 l'Institut N\u00f4 Stress, nous utilisons l'appareil Yp\u00e9rion Technology L900 \u2014 technologie fran\u00e7aise de haute performance.<br>L'IPL est efficace sur les phototypes 1 \u00e0 4 et traite les poils ch\u00e2tains, bruns et noirs. <br>Pour les poils blonds, blancs ou gris, nous recommandons l'\u00e9pilation \u00e9lectrique. <br>Utilisable sur le corps exclusivement. <br>Pour femmes &amp; hommes.\n\t\t\t\t\t<\/p>\n\t\t\t\t\t<\/div>\n\t\t\t\t<\/div>\n\t\t<div class=\"elementor-element elementor-element-8ea1686 e-flex e-con-boxed e-con e-parent\" data-id=\"8ea1686\" data-element_type=\"container\" data-e-type=\"container\">\n\t\t\t\t\t<div class=\"e-con-inner\">\n\t\t\t\t\t\t\t<h2 \n\t\tdata-interaction-id=\"7dca1b2\" \n\t\tclass=\"e-7dca1b2-8067822 e-heading-base\" \n\t\t \n\t\t\n\t>\n\t\n\t\t\tPourquoi choisir la lumi\u00e8re puls\u00e9e?\n\t\t<\/h2>\n\t\t\t\t\t\t\t\t<p class=\"e-754836a-fb960d8 e-paragraph-base\" data-interaction-id=\"754836a\"  >\n\t\t\t\t\t\t\t\t R\u00e9sultat d\u00e9finitif et permanent<br> Poils ch\u00e2tains, bruns et noirs<br> Phototypes 1 \u00e0 4<br> Traitement corps exclusivement<br> S\u00e9ance toutes les 4 \u00e0 6 semaines <br> Pour femmes &amp; hommes<br> RDV information et test gratuit\n\t\t\t\t\t<\/p>\n\t\t\t\t\t\t\t<h2 \n\t\tdata-interaction-id=\"feb052e\" \n\t\tclass=\"e-feb052e-fc7e828 e-heading-base\" \n\t\t \n\t\t\n\t>\n\t\n\t\t\tTarifs\n\t\t<\/h2>\n\t\t\t\t\t\t\t\t<p class=\"e-8772f8c-33e86e4 e-paragraph-base\" data-interaction-id=\"8772f8c\"  >\n\t\t\t\t\t\t\t\tAisselles \u2014 80,00 \u20ac<br>Demi-jambes \u2014 190,00 \u20ac<br>Jambes compl\u00e8tes \u2014 300,00 \u20ac<br>Bras complet \u2014 150,00 \u20ac<br>Demi-bras \u2014 100,00 \u20ac<br>Maillot simple \u2014 85,00 \u20ac<br>Maillot \u00e9chancr\u00e9 \u2014 110,00 \u20ac<br>Maillot int\u00e9gral \u2014 160,00 \u20ac<br>Dos \u2014 200,00 \u20ac<br>\u00c9paules \u2014 80,00 \u20ac<br>Torse \u2014 190,00 \u20ac<br>Ventre \u2014 120,00 \u20ac<br>Fesses + SIF \u2014 150,00 \u20ac<br>RDV information &amp; test \u2014 Gratuit\n\t\t\t\t\t<\/p>\n\t\t\t\t\t<\/div>\n\t\t\t\t<\/div>\n\t\t<div class=\"elementor-element elementor-element-1e86637 e-flex e-con-boxed e-con e-parent\" data-id=\"1e86637\" data-element_type=\"container\" data-e-type=\"container\">\n\t\t\t\t\t<div class=\"e-con-inner\">\n\t\t\t\t<div class=\"elementor-element elementor-element-18c7098 elementor-align-center elementor-widget elementor-widget-button\" data-id=\"18c7098\" data-element_type=\"widget\" data-e-type=\"widget\" data-widget_type=\"button.default\">\n\t\t\t\t\t\t\t\t\t\t<a class=\"elementor-button elementor-button-link elementor-size-sm\" href=\"tel:+352621179565\">\n\t\t\t\t\t\t<span class=\"elementor-button-content-wrapper\">\n\t\t\t\t\t\t\t\t\t<span class=\"elementor-button-text\">\ud83d\udcde R\u00e9server son RDV \u2014 621 17 95 65<\/span>\n\t\t\t\t\t<\/span>\n\t\t\t\t\t<\/a>\n\t\t\t\t\t\t\t\t<\/div>\n\t\t\t\t\t<\/div>\n\t\t\t\t<\/div>\n\t\t<div class=\"elementor-element elementor-element-c9405e8 e-flex e-con-boxed e-con e-parent\" data-id=\"c9405e8\" data-element_type=\"container\" data-e-type=\"container\">\n\t\t\t\t\t<div class=\"e-con-inner\">\n\t\t\t\t\t\t\t\t<p class=\"e-af4e512-b8ecf9e e-paragraph-base\" data-interaction-id=\"af4e512\"  >\n\t\t\t\t\t\t\t\tRDV d'information et test gratuit \u2014 Sans engagement\n\t\t\t\t\t<\/p>\n\t\t\t\t\t<\/div>\n\t\t\t\t<\/div>\n\t\t\t\t<\/div>\n\t\t","protected":false},"excerpt":{"rendered":"<p>\u00c9pilation d\u00e9finitive \u00e0 la lumi\u00e8re puls\u00e9e \u2014 IPL \u00e0 Strassen La lumi\u00e8re puls\u00e9e intense (IPL) est une m\u00e9thode d&rsquo;\u00e9pilation d\u00e9finitive [&hellip;]<\/p>\n","protected":false},"author":1,"featured_media":0,"parent":0,"menu_order":0,"comment_status":"closed","ping_status":"closed","template":"","meta":{"site-sidebar-layout":"no-sidebar","site-content-layout":"","ast-site-content-layout":"full-width-container","site-content-style":"default","site-sidebar-style":"default","ast-global-header-display":"","ast-banner-title-visibility":"","ast-main-header-display":"","ast-hfb-above-header-display":"","ast-hfb-below-header-display":"","ast-hfb-mobile-header-display":"","site-post-title":"","ast-breadcrumbs-content":"","ast-featured-img":"disabled","footer-sml-layout":"","ast-disable-related-posts":"","theme-transparent-header-meta":"","adv-header-id-meta":"","stick-header-meta":"","header-above-stick-meta":"","header-main-stick-meta":"","header-below-stick-meta":"","astra-migrate-meta-layouts":"default","ast-page-background-enabled":"default","ast-page-background-meta":{"desktop":{"background-color":"var(--ast-global-color-5)","background-image":"","background-repeat":"repeat","background-position":"center center","background-size":"auto","background-attachment":"scroll","background-type":"","background-media":"","overlay-type":"","overlay-color":"","overlay-opacity":"","overlay-gradient":""},"tablet":{"background-color":"","background-image":"","background-repeat":"repeat","background-position":"center center","background-size":"auto","background-attachment":"scroll","background-type":"","background-media":"","overlay-type":"","overlay-color":"","overlay-opacity":"","overlay-gradient":""},"mobile":{"background-color":"","background-image":"","background-repeat":"repeat","background-position":"center center","background-size":"auto","background-attachment":"scroll","background-type":"","background-media":"","overlay-type":"","overlay-color":"","overlay-opacity":"","overlay-gradient":""}},"ast-content-background-meta":{"desktop":{"background-color":"var(--ast-global-color-4)","background-image":"","background-repeat":"repeat","background-position":"center center","background-size":"auto","background-attachment":"scroll","background-type":"","background-media":"","overlay-type":"","overlay-color":"","overlay-opacity":"","overlay-gradient":""},"tablet":{"background-color":"var(--ast-global-color-4)","background-image":"","background-repeat":"repeat","background-position":"center center","background-size":"auto","background-attachment":"scroll","background-type":"","background-media":"","overlay-type":"","overlay-color":"","overlay-opacity":"","overlay-gradient":""},"mobile":{"background-color":"var(--ast-global-color-4)","background-image":"","background-repeat":"repeat","background-position":"center center","background-size":"auto","background-attachment":"scroll","background-type":"","background-media":"","overlay-type":"","overlay-color":"","overlay-opacity":"","overlay-gradient":""}},"footnotes":""},"class_list":["post-35","page","type-page","status-publish","hentry"],"_links":{"self":[{"href":"https:\/\/institut-nostress.com\/en\/wp-json\/wp\/v2\/pages\/35","targetHints":{"allow":["GET"]}}],"collection":[{"href":"https:\/\/institut-nostress.com\/en\/wp-json\/wp\/v2\/pages"}],"about":[{"href":"https:\/\/institut-nostress.com\/en\/wp-json\/wp\/v2\/types\/page"}],"author":[{"embeddable":true,"href":"https:\/\/institut-nostress.com\/en\/wp-json\/wp\/v2\/users\/1"}],"replies":[{"embeddable":true,"href":"https:\/\/institut-nostress.com\/en\/wp-json\/wp\/v2\/comments?post=35"}],"version-history":[{"count":28,"href":"https:\/\/institut-nostress.com\/en\/wp-json\/wp\/v2\/pages\/35\/revisions"}],"predecessor-version":[{"id":524,"href":"https:\/\/institut-nostress.com\/en\/wp-json\/wp\/v2\/pages\/35\/revisions\/524"}],"wp:attachment":[{"href":"https:\/\/institut-nostress.com\/en\/wp-json\/wp\/v2\/media?parent=35"}],"curies":[{"name":"wp","href":"https:\/\/api.w.org\/{rel}","templated":true}]}}