{"id":39,"date":"2026-05-11T20:48:25","date_gmt":"2026-05-11T18:48:25","guid":{"rendered":"https:\/\/institutnstress5924.live-website.com\/?page_id=39"},"modified":"2026-05-14T18:36:26","modified_gmt":"2026-05-14T16:36:26","slug":"epilation-a-la-cire","status":"publish","type":"page","link":"https:\/\/institut-nostress.com\/en\/epilation-a-la-cire\/","title":{"rendered":"Waxing"},"content":{"rendered":"\t\t<div data-elementor-type=\"wp-page\" data-elementor-id=\"39\" class=\"elementor elementor-39\">\n\t\t\t\t<div class=\"elementor-element elementor-element-8b8ce7b e-flex e-con-boxed e-con e-parent\" data-id=\"8b8ce7b\" data-element_type=\"container\" data-e-type=\"container\">\n\t\t\t\t\t<div class=\"e-con-inner\">\n\t\t\t\t\t\t\t<h2 \n\t\tdata-interaction-id=\"1d10cb1\" \n\t\tclass=\"e-1d10cb1-0885497 e-heading-base\" \n\t\t \n\t\t\n\t>\n\t\n\t\t\tEpilation \u00e0 la cire femme &amp; homme \u00e0 Strassen - Luxembourg\n\t\t<\/h2>\n\t\t\t\t\t<\/div>\n\t\t\t\t<\/div>\n\t\t<div class=\"elementor-element elementor-element-9df18df e-flex e-con-boxed e-con e-parent\" data-id=\"9df18df\" data-element_type=\"container\" data-e-type=\"container\" data-settings=\"{&quot;background_background&quot;:&quot;slideshow&quot;,&quot;background_slideshow_gallery&quot;:[{&quot;id&quot;:360,&quot;url&quot;:&quot;https:\\\/\\\/institutnstress5924.live-website.com\\\/wp-content\\\/uploads\\\/2026\\\/05\\\/Photo-epilation-cire-jambes-femmes--scaled.jpg&quot;}],&quot;background_slideshow_loop&quot;:&quot;yes&quot;,&quot;background_slideshow_slide_duration&quot;:5000,&quot;background_slideshow_slide_transition&quot;:&quot;fade&quot;,&quot;background_slideshow_transition_duration&quot;:500}\">\n\t\t\t\t\t<div class=\"e-con-inner\">\n\t\t\t\t\t<\/div>\n\t\t\t\t<\/div>\n\t\t<div class=\"elementor-element elementor-element-3995711 e-flex e-con-boxed e-con e-parent\" data-id=\"3995711\" data-element_type=\"container\" data-e-type=\"container\">\n\t\t\t\t\t<div class=\"e-con-inner\">\n\t\t\t\t\t\t\t<h3 \n\t\tdata-interaction-id=\"debf05a\" \n\t\tclass=\"e-debf05a-5b648c7 e-heading-base\" \n\t\t \n\t\t\n\t>\n\t\n\t\t\tLa cire Perron Rigot \u2014 Notre engagement qualit\u00e9\n\t\t<\/h3>\n\t\t\t\t\t<\/div>\n\t\t\t\t<\/div>\n\t\t<div class=\"elementor-element elementor-element-695eb6d e-flex e-con-boxed e-con e-parent\" data-id=\"695eb6d\" data-element_type=\"container\" data-e-type=\"container\">\n\t\t\t\t\t<div class=\"e-con-inner\">\n\t\t\t\t\t\t\t\t<p class=\"e-cce9fc7-e1cb8b9 e-paragraph-base\" data-interaction-id=\"cce9fc7\"  >\n\t\t\t\t\t\t\t\tNous utilisons exclusivement la cire fran\u00e7aise Perron Rigot. <br>Hypoallerg\u00e9nique, sans colophane, adapt\u00e9e aux peaux les plus sensibles. <br>Disponible avec ou sans bande selon les zones. <br>Pour femmes &amp; hommes.\n\t\t\t\t\t<\/p>\n\t\t\t\t\t<\/div>\n\t\t\t\t<\/div>\n\t\t<div class=\"elementor-element elementor-element-1d6d3df e-flex e-con-boxed e-con e-parent\" data-id=\"1d6d3df\" data-element_type=\"container\" data-e-type=\"container\">\n\t\t\t\t\t<div class=\"e-con-inner\">\n\t\t\t\t\t\t\t<h2 \n\t\tdata-interaction-id=\"2938e44\" \n\t\tclass=\"e-2938e44-f956331 e-heading-base\" \n\t\t \n\t\t\n\t>\n\t\n\t\t\tTarifs \u00e0 la carte\n\t\t<\/h2>\n\t\t\t\t\t<\/div>\n\t\t\t\t<\/div>\n\t\t<div class=\"elementor-element elementor-element-a8d4d0d e-flex e-con-boxed e-con e-parent\" data-id=\"a8d4d0d\" data-element_type=\"container\" data-e-type=\"container\">\n\t\t\t\t\t<div class=\"e-con-inner\">\n\t\t\t\t\t\t\t\t<p class=\"e-22cabad-f86c2ed e-paragraph-base\" data-interaction-id=\"22cabad\"  >\n\t\t\t\t\t\t\t\tSourcils \u2014 17,00 \u20ac<br>L\u00e8vre, menton ou joues \u2014 17,00 \u20ac<br>Oreilles ou nez \u2014 17,00 \u20ac<br>Doigts mains ou pieds \u2014 20,00 \u20ac<br>Aisselles \u2014 20,00 \u20ac<br>Avant-bras \u2014 25,00 \u20ac<br>Bras complet \u2014 30,00 \u20ac<br>Maillot simple \u2014 25,00 \u20ac<br>Maillot bikini\/\u00e9chancr\u00e9 \u2014 35,00 \u20ac<br>Maillot int\u00e9gral \u2014 45,00 \u20ac<br>Demi-jambes \u2014 40,00 \u20ac<br>Jambes compl\u00e8tes \u2014 50,00 \u20ac<br>Fesses \u2014 20,00 \u20ac<br>Sillon inter fessier \u2014 15,00 \u20ac<br>Ventre \u2014 20,00 \u20ac<br>Torse* \u2014 25,00 \u20ac<br>\u00c9paules* \u2014 20,00 \u20ac<br>Nuque* \u2014 17,00 \u20ac<br>Dos* \u2014 30,00 \u20ac<br>* Zones sp\u00e9cifiques homme\n\t\t\t\t\t<\/p>\n\t\t\t\t\t<\/div>\n\t\t\t\t<\/div>\n\t\t<div class=\"elementor-element elementor-element-c45a7d3 e-flex e-con-boxed e-con e-parent\" data-id=\"c45a7d3\" data-element_type=\"container\" data-e-type=\"container\">\n\t\t\t\t\t<div class=\"e-con-inner\">\n\t\t\t\t\t\t\t<h2 \n\t\tdata-interaction-id=\"bca46f6\" \n\t\tclass=\"e-bca46f6-ea61533 e-heading-base\" \n\t\t \n\t\t\n\t>\n\t\n\t\t\tForfaits \u00e9pilations\n\t\t<\/h2>\n\t\t\t\t\t<\/div>\n\t\t\t\t<\/div>\n\t\t<div class=\"elementor-element elementor-element-d884868 e-flex e-con-boxed e-con e-parent\" data-id=\"d884868\" data-element_type=\"container\" data-e-type=\"container\">\n\t\t\t\t\t<div class=\"e-con-inner\">\n\t\t\t\t\t\t\t\t<p class=\"e-753eb3e-0bf4b41 e-paragraph-base\" data-interaction-id=\"753eb3e\"  >\n\t\t\t\t\t\t\t\tAisselles + \u00bd jambes \u2014 55,00 \u20ac<br>Aisselles + jambes compl\u00e8tes \u2014 65,00 \u20ac<br>Aisselles + maillot simple \u2014 40,00 \u20ac<br>Aisselles + maillot bikini\/\u00e9chancr\u00e9 \u2014 45,00 \u20ac<br>Aisselles + maillot int\u00e9gral \u2014 55,00 \u20ac<br>Maillot simple + \u00bd jambes \u2014 55,00 \u20ac<br>Maillot simple + jambes compl\u00e8tes \u2014 65,00 \u20ac<br>Maillot bikini\/\u00e9chancr\u00e9 + \u00bd jambes \u2014 60,00 \u20ac<br>Maillot bikini\/\u00e9chancr\u00e9 + jambes compl\u00e8tes \u2014 70,00 \u20ac<br>Maillot int\u00e9gral + \u00bd jambes \u2014 70,00 \u20ac<br>Maillot int\u00e9gral + jambes compl\u00e8tes \u2014 75,00 \u20ac\n\t\t\t\t\t<\/p>\n\t\t\t\t\t<\/div>\n\t\t\t\t<\/div>\n\t\t<div class=\"elementor-element elementor-element-28a5356 e-flex e-con-boxed e-con e-parent\" data-id=\"28a5356\" data-element_type=\"container\" data-e-type=\"container\">\n\t\t\t\t\t<div class=\"e-con-inner\">\n\t\t\t\t\t    \t            <a\n            href=\"tel:+352621179565\" target=\"_self\"\n            class=\"e-9fb22d5-f36f850 e-button-base\"\n            data-interaction-id=\"9fb22d5\"\n             \n        >\n            R\u00e9server son rendez-vous\n        <\/a>\n    \t\t\t\t\t<\/div>\n\t\t\t\t<\/div>\n\t\t<div class=\"elementor-element elementor-element-c0b6019 e-flex e-con-boxed e-con e-parent\" data-id=\"c0b6019\" data-element_type=\"container\" data-e-type=\"container\">\n\t\t\t\t\t<div class=\"e-con-inner\">\n\t\t\t\t\t\t\t\t<p class=\"e-271f61f-53781c7 e-paragraph-base\" data-interaction-id=\"271f61f\"  >\n\t\t\t\t\t\t\t\tSur rendez-vous exclusivement \u2014 Pour femmes &amp; hommes\n\t\t\t\t\t<\/p>\n\t\t\t\t\t<\/div>\n\t\t\t\t<\/div>\n\t\t\t\t<\/div>\n\t\t","protected":false},"excerpt":{"rendered":"<p>Epilation \u00e0 la cire femme &amp; homme \u00e0 Strassen &#8211; Luxembourg La cire Perron Rigot \u2014 Notre engagement qualit\u00e9 Nous [&hellip;]<\/p>\n","protected":false},"author":1,"featured_media":0,"parent":0,"menu_order":0,"comment_status":"closed","ping_status":"closed","template":"","meta":{"site-sidebar-layout":"no-sidebar","site-content-layout":"","ast-site-content-layout":"full-width-container","site-content-style":"default","site-sidebar-style":"default","ast-global-header-display":"","ast-banner-title-visibility":"","ast-main-header-display":"","ast-hfb-above-header-display":"","ast-hfb-below-header-display":"","ast-hfb-mobile-header-display":"","site-post-title":"","ast-breadcrumbs-content":"","ast-featured-img":"disabled","footer-sml-layout":"","ast-disable-related-posts":"","theme-transparent-header-meta":"","adv-header-id-meta":"","stick-header-meta":"","header-above-stick-meta":"","header-main-stick-meta":"","header-below-stick-meta":"","astra-migrate-meta-layouts":"default","ast-page-background-enabled":"default","ast-page-background-meta":{"desktop":{"background-color":"var(--ast-global-color-5)","background-image":"","background-repeat":"repeat","background-position":"center center","background-size":"auto","background-attachment":"scroll","background-type":"","background-media":"","overlay-type":"","overlay-color":"","overlay-opacity":"","overlay-gradient":""},"tablet":{"background-color":"","background-image":"","background-repeat":"repeat","background-position":"center center","background-size":"auto","background-attachment":"scroll","background-type":"","background-media":"","overlay-type":"","overlay-color":"","overlay-opacity":"","overlay-gradient":""},"mobile":{"background-color":"","background-image":"","background-repeat":"repeat","background-position":"center center","background-size":"auto","background-attachment":"scroll","background-type":"","background-media":"","overlay-type":"","overlay-color":"","overlay-opacity":"","overlay-gradient":""}},"ast-content-background-meta":{"desktop":{"background-color":"var(--ast-global-color-4)","background-image":"","background-repeat":"repeat","background-position":"center center","background-size":"auto","background-attachment":"scroll","background-type":"","background-media":"","overlay-type":"","overlay-color":"","overlay-opacity":"","overlay-gradient":""},"tablet":{"background-color":"var(--ast-global-color-4)","background-image":"","background-repeat":"repeat","background-position":"center center","background-size":"auto","background-attachment":"scroll","background-type":"","background-media":"","overlay-type":"","overlay-color":"","overlay-opacity":"","overlay-gradient":""},"mobile":{"background-color":"var(--ast-global-color-4)","background-image":"","background-repeat":"repeat","background-position":"center center","background-size":"auto","background-attachment":"scroll","background-type":"","background-media":"","overlay-type":"","overlay-color":"","overlay-opacity":"","overlay-gradient":""}},"footnotes":""},"class_list":["post-39","page","type-page","status-publish","hentry"],"_links":{"self":[{"href":"https:\/\/institut-nostress.com\/en\/wp-json\/wp\/v2\/pages\/39","targetHints":{"allow":["GET"]}}],"collection":[{"href":"https:\/\/institut-nostress.com\/en\/wp-json\/wp\/v2\/pages"}],"about":[{"href":"https:\/\/institut-nostress.com\/en\/wp-json\/wp\/v2\/types\/page"}],"author":[{"embeddable":true,"href":"https:\/\/institut-nostress.com\/en\/wp-json\/wp\/v2\/users\/1"}],"replies":[{"embeddable":true,"href":"https:\/\/institut-nostress.com\/en\/wp-json\/wp\/v2\/comments?post=39"}],"version-history":[{"count":38,"href":"https:\/\/institut-nostress.com\/en\/wp-json\/wp\/v2\/pages\/39\/revisions"}],"predecessor-version":[{"id":533,"href":"https:\/\/institut-nostress.com\/en\/wp-json\/wp\/v2\/pages\/39\/revisions\/533"}],"wp:attachment":[{"href":"https:\/\/institut-nostress.com\/en\/wp-json\/wp\/v2\/media?parent=39"}],"curies":[{"name":"wp","href":"https:\/\/api.w.org\/{rel}","templated":true}]}}