{"id":43,"date":"2026-05-11T20:50:36","date_gmt":"2026-05-11T18:50:36","guid":{"rendered":"https:\/\/institutnstress5924.live-website.com\/?page_id=43"},"modified":"2026-05-14T18:48:05","modified_gmt":"2026-05-14T16:48:05","slug":"maquillage-permanent","status":"publish","type":"page","link":"https:\/\/institut-nostress.com\/en\/maquillage-permanent\/","title":{"rendered":"Permanent makeup"},"content":{"rendered":"\t\t<div data-elementor-type=\"wp-page\" data-elementor-id=\"43\" class=\"elementor elementor-43\">\n\t\t\t\t<div class=\"elementor-element elementor-element-724669a e-flex e-con-boxed e-con e-parent\" data-id=\"724669a\" data-element_type=\"container\" data-e-type=\"container\">\n\t\t\t\t\t<div class=\"e-con-inner\">\n\t\t\t\t\t\t\t<h2 \n\t\tdata-interaction-id=\"b78a88f\" \n\t\tclass=\"e-heading-base\" \n\t\t \n\t\t\n\t>\n\t\n\t\t\tMaquillage permanent - Microblading\n\t\t<\/h2>\n\t\t\t\t\t<\/div>\n\t\t\t\t<\/div>\n\t\t<div class=\"elementor-element elementor-element-8c170d3 e-flex e-con-boxed e-con e-parent\" data-id=\"8c170d3\" data-element_type=\"container\" data-e-type=\"container\" data-settings=\"{&quot;background_background&quot;:&quot;slideshow&quot;,&quot;background_slideshow_gallery&quot;:[{&quot;id&quot;:472,&quot;url&quot;:&quot;https:\\\/\\\/institutnstress5924.live-website.com\\\/wp-content\\\/uploads\\\/2026\\\/05\\\/Maquillage-permanent-microblading-Institut-No-Stress-Strassen-Luxembourg.jpg&quot;}],&quot;background_slideshow_loop&quot;:&quot;yes&quot;,&quot;background_slideshow_slide_duration&quot;:5000,&quot;background_slideshow_slide_transition&quot;:&quot;fade&quot;,&quot;background_slideshow_transition_duration&quot;:500}\">\n\t\t\t\t\t<div class=\"e-con-inner\">\n\t\t\t\t\t<\/div>\n\t\t\t\t<\/div>\n\t\t<div class=\"elementor-element elementor-element-86c7354 e-flex e-con-boxed e-con e-parent\" data-id=\"86c7354\" data-element_type=\"container\" data-e-type=\"container\">\n\t\t\t\t\t<div class=\"e-con-inner\">\n\t\t\t\t\t\t\t<h2 \n\t\tdata-interaction-id=\"6aedf99\" \n\t\tclass=\"e-6aedf99-c9f2a63 e-heading-base\" \n\t\t \n\t\t\n\t>\n\t\n\t\t\tUne approche naturelle et \u00e9thique\n\t\t<\/h2>\n\t\t\t\t\t<\/div>\n\t\t\t\t<\/div>\n\t\t<div class=\"elementor-element elementor-element-de1760f e-flex e-con-boxed e-con e-parent\" data-id=\"de1760f\" data-element_type=\"container\" data-e-type=\"container\">\n\t\t\t\t\t<div class=\"e-con-inner\">\n\t\t\t\t\t\t\t\t<p class=\"e-paragraph-base\" data-interaction-id=\"afd045f\"  >\n\t\t\t\t\t\t\t\tLe maquillage permanent \u00e0 l'Institut N\u00f4 Stress, c'est avant tout une philosophie : sublimer, jamais transformer. <br>Je travaille exclusivement sur peau vierge, pour un r\u00e9sultat discret, naturel et harmonieux avec votre visage.\n\t\t\t\t\t<\/p>\n\t\t\t\t\t<\/div>\n\t\t\t\t<\/div>\n\t\t<div class=\"elementor-element elementor-element-16eb9a5 e-flex e-con-boxed e-con e-parent\" data-id=\"16eb9a5\" data-element_type=\"container\" data-e-type=\"container\">\n\t\t\t\t\t<div class=\"e-con-inner\">\n\t\t\t\t\t\t\t<h2 \n\t\tdata-interaction-id=\"c3e0e8c\" \n\t\tclass=\"e-c3e0e8c-dec862a e-heading-base\" \n\t\t \n\t\t\n\t>\n\t\n\t\t\tPourquoi choisir l'Institut N\u00f4 Stress ?\n\t\t<\/h2>\n\t\t\t\t\t<\/div>\n\t\t\t\t<\/div>\n\t\t<div class=\"elementor-element elementor-element-c9e9eae e-flex e-con-boxed e-con e-parent\" data-id=\"c9e9eae\" data-element_type=\"container\" data-e-type=\"container\">\n\t\t\t\t\t<div class=\"e-con-inner\">\n\t\t\t\t\t\t\t\t<p class=\"e-619c01b-de9ca5a e-paragraph-base\" data-interaction-id=\"619c01b\"  >\n\t\t\t\t\t\t\t\t Travail sur peau vierge exclusivement <br> R\u00e9sultat 100% naturel <br> Consultation pr\u00e9alable gratuite <br> Technique pr\u00e9cise et douce <br> Sur rendez-vous exclusivement\n\t\t\t\t\t<\/p>\n\t\t\t\t\t<\/div>\n\t\t\t\t<\/div>\n\t\t<div class=\"elementor-element elementor-element-dfae4a8 e-flex e-con-boxed e-con e-parent\" data-id=\"dfae4a8\" data-element_type=\"container\" data-e-type=\"container\">\n\t\t\t\t\t<div class=\"e-con-inner\">\n\t\t\t\t\t\t\t<h2 \n\t\tdata-interaction-id=\"eb70d77\" \n\t\tclass=\"e-eb70d77-0d344be e-heading-base\" \n\t\t \n\t\t\n\t>\n\t\n\t\t\tTarifs \n\t\t<\/h2>\n\t\t\t\t\t<\/div>\n\t\t\t\t<\/div>\n\t\t<div class=\"elementor-element elementor-element-cf04671 e-flex e-con-boxed e-con e-parent\" data-id=\"cf04671\" data-element_type=\"container\" data-e-type=\"container\">\n\t\t\t\t\t<div class=\"e-con-inner\">\n\t\t\t\t\t\t\t\t<p class=\"e-f9d7c4f-99a3e3f e-paragraph-base\" data-interaction-id=\"f9d7c4f\"  >\n\t\t\t\t\t\t\t\tMicroblading sourcils (retouche incluse) \u2014 250,00 \u20ac<br>Retouche apr\u00e8s 1 an \u2014 150,00 \u20ac<br>Consultation pr\u00e9alable \u2014 Gratuite\n\t\t\t\t\t<\/p>\n\t\t\t\t\t<\/div>\n\t\t\t\t<\/div>\n\t\t<div class=\"elementor-element elementor-element-b004356 e-flex e-con-boxed e-con e-parent\" data-id=\"b004356\" data-element_type=\"container\" data-e-type=\"container\">\n\t\t\t\t\t<div class=\"e-con-inner\">\n\t\t\t\t<div class=\"elementor-element elementor-element-3763d1c elementor-align-center elementor-widget elementor-widget-button\" data-id=\"3763d1c\" data-element_type=\"widget\" data-e-type=\"widget\" data-widget_type=\"button.default\">\n\t\t\t\t\t\t\t\t\t\t<a class=\"elementor-button elementor-button-link elementor-size-sm\" href=\"tel:+352621179565\">\n\t\t\t\t\t\t<span class=\"elementor-button-content-wrapper\">\n\t\t\t\t\t\t\t\t\t<span class=\"elementor-button-text\"> \ud83d\udcde R\u00e9server son RDV \u2014 621 17 95 65<\/span>\n\t\t\t\t\t<\/span>\n\t\t\t\t\t<\/a>\n\t\t\t\t\t\t\t\t<\/div>\n\t\t\t\t\t<\/div>\n\t\t\t\t<\/div>\n\t\t\t\t<\/div>\n\t\t","protected":false},"excerpt":{"rendered":"<p>Maquillage permanent &#8211; Microblading Une approche naturelle et \u00e9thique Le maquillage permanent \u00e0 l&rsquo;Institut N\u00f4 Stress, c&rsquo;est avant tout une [&hellip;]<\/p>\n","protected":false},"author":1,"featured_media":0,"parent":0,"menu_order":0,"comment_status":"closed","ping_status":"closed","template":"","meta":{"site-sidebar-layout":"no-sidebar","site-content-layout":"","ast-site-content-layout":"full-width-container","site-content-style":"default","site-sidebar-style":"default","ast-global-header-display":"","ast-banner-title-visibility":"","ast-main-header-display":"","ast-hfb-above-header-display":"","ast-hfb-below-header-display":"","ast-hfb-mobile-header-display":"","site-post-title":"","ast-breadcrumbs-content":"","ast-featured-img":"disabled","footer-sml-layout":"","ast-disable-related-posts":"","theme-transparent-header-meta":"","adv-header-id-meta":"","stick-header-meta":"","header-above-stick-meta":"","header-main-stick-meta":"","header-below-stick-meta":"","astra-migrate-meta-layouts":"default","ast-page-background-enabled":"default","ast-page-background-meta":{"desktop":{"background-color":"var(--ast-global-color-5)","background-image":"","background-repeat":"repeat","background-position":"center center","background-size":"auto","background-attachment":"scroll","background-type":"","background-media":"","overlay-type":"","overlay-color":"","overlay-opacity":"","overlay-gradient":""},"tablet":{"background-color":"","background-image":"","background-repeat":"repeat","background-position":"center center","background-size":"auto","background-attachment":"scroll","background-type":"","background-media":"","overlay-type":"","overlay-color":"","overlay-opacity":"","overlay-gradient":""},"mobile":{"background-color":"","background-image":"","background-repeat":"repeat","background-position":"center center","background-size":"auto","background-attachment":"scroll","background-type":"","background-media":"","overlay-type":"","overlay-color":"","overlay-opacity":"","overlay-gradient":""}},"ast-content-background-meta":{"desktop":{"background-color":"var(--ast-global-color-4)","background-image":"","background-repeat":"repeat","background-position":"center center","background-size":"auto","background-attachment":"scroll","background-type":"","background-media":"","overlay-type":"","overlay-color":"","overlay-opacity":"","overlay-gradient":""},"tablet":{"background-color":"var(--ast-global-color-4)","background-image":"","background-repeat":"repeat","background-position":"center center","background-size":"auto","background-attachment":"scroll","background-type":"","background-media":"","overlay-type":"","overlay-color":"","overlay-opacity":"","overlay-gradient":""},"mobile":{"background-color":"var(--ast-global-color-4)","background-image":"","background-repeat":"repeat","background-position":"center center","background-size":"auto","background-attachment":"scroll","background-type":"","background-media":"","overlay-type":"","overlay-color":"","overlay-opacity":"","overlay-gradient":""}},"footnotes":""},"class_list":["post-43","page","type-page","status-publish","hentry"],"_links":{"self":[{"href":"https:\/\/institut-nostress.com\/en\/wp-json\/wp\/v2\/pages\/43","targetHints":{"allow":["GET"]}}],"collection":[{"href":"https:\/\/institut-nostress.com\/en\/wp-json\/wp\/v2\/pages"}],"about":[{"href":"https:\/\/institut-nostress.com\/en\/wp-json\/wp\/v2\/types\/page"}],"author":[{"embeddable":true,"href":"https:\/\/institut-nostress.com\/en\/wp-json\/wp\/v2\/users\/1"}],"replies":[{"embeddable":true,"href":"https:\/\/institut-nostress.com\/en\/wp-json\/wp\/v2\/comments?post=43"}],"version-history":[{"count":22,"href":"https:\/\/institut-nostress.com\/en\/wp-json\/wp\/v2\/pages\/43\/revisions"}],"predecessor-version":[{"id":527,"href":"https:\/\/institut-nostress.com\/en\/wp-json\/wp\/v2\/pages\/43\/revisions\/527"}],"wp:attachment":[{"href":"https:\/\/institut-nostress.com\/en\/wp-json\/wp\/v2\/media?parent=43"}],"curies":[{"name":"wp","href":"https:\/\/api.w.org\/{rel}","templated":true}]}}